{"id":140,"date":"2021-03-31T07:15:35","date_gmt":"2021-03-31T05:15:35","guid":{"rendered":"http:\/\/www.electricidadfonsoto.com\/?page_id=140"},"modified":"2021-04-21T12:32:58","modified_gmt":"2021-04-21T10:32:58","slug":"home","status":"publish","type":"page","link":"http:\/\/www.electricidadfonsoto.com\/","title":{"rendered":"Fonsoto"},"content":{"rendered":"\n<figure class=\"wp-block-image size-large is-resized is-style-default\"><a href=\"http:\/\/www.electricidadfonsoto.com\/wp-content\/uploads\/2021\/04\/imgcarrusel4-2.jpg\"><img loading=\"lazy\" src=\"http:\/\/www.electricidadfonsoto.com\/wp-content\/uploads\/2021\/04\/imgcarrusel4-2-1024x473.jpg\" alt=\"\" class=\"wp-image-557\" width=\"1143\" height=\"528\" srcset=\"http:\/\/www.electricidadfonsoto.com\/wp-content\/uploads\/2021\/04\/imgcarrusel4-2-1024x473.jpg 1024w, http:\/\/www.electricidadfonsoto.com\/wp-content\/uploads\/2021\/04\/imgcarrusel4-2-300x138.jpg 300w, http:\/\/www.electricidadfonsoto.com\/wp-content\/uploads\/2021\/04\/imgcarrusel4-2-768x354.jpg 768w, http:\/\/www.electricidadfonsoto.com\/wp-content\/uploads\/2021\/04\/imgcarrusel4-2-1140x526.jpg 1140w, http:\/\/www.electricidadfonsoto.com\/wp-content\/uploads\/2021\/04\/imgcarrusel4-2.jpg 1300w\" sizes=\"(max-width: 1143px) 100vw, 1143px\" \/><\/a><\/figure>\n\n\n\n<h2 class=\"has-text-align-center has-white-color has-text-color has-background has-large-font-size\" style=\"background-color:#009bdb\"><strong><span class=\"has-inline-color has-white-color\">Empresa de Servicios El\u00e9ctricos en Murcia<\/span><\/strong><\/h2>\n\n\n\n<p><span class=\"has-inline-color has-vivid-cyan-blue-color\"><strong>Fonsoto es una empresa de confianza<\/strong>,<\/span> altamente cualificada y con muchos a\u00f1os de experiencia en el sector. Nuestro equipo est\u00e1 formado por electricistas autorizados, expertos en todo tipo de instalaciones, mantenimientos y reformas el\u00e9ctricas en toda la Comunidad de Murcia.<\/p>\n\n\n\n<p>Buscamos  satisfacer las necesidades de nuestros clientes  y ofrecemos absoluta transparencia, garantizando que su instalaci\u00f3n, reparaci\u00f3n  o proyecto cumpla con todas las condiciones reglamentarias necesarias. Para ello, adem\u00e1s de contar con un <span class=\"has-inline-color has-vivid-cyan-blue-color\"><strong>amplio abanico de servicios<\/strong><\/span> como pueden ser las instalaciones el\u00e9ctricas y reparaci\u00f3n de aver\u00edas en general, instalaci\u00f3n de aire acondicionado, automatismos industriales, automatismos de puertas, redes de comunicaciones, puestos de trabajo, racks, etc., ofrecemos tambi\u00e9n otros servicios como memorias t\u00e9cnicas, proyectos el\u00e9ctricos, legalizaci\u00f3n de industria, contrataci\u00f3n con empresas distribuidoras de electricidad y certificados de eficiencia energ\u00e9tica.<\/p>\n\n\n\n<p>Trabajamos con <strong><span class=\"has-inline-color has-vivid-cyan-blue-color\">primeras marcas de gran calidad, l\u00edderes en el mercado<\/span><\/strong>, para ofrecer un trabajo de confianza que complemente la <strong><span class=\"has-inline-color has-vivid-cyan-blue-color\">garant\u00eda de nuestro trabajo y de nuestros servicios<\/span><\/strong>, reduciendo el coste final al evitar las aver\u00edas, que suponen un incremento econ\u00f3mico importante. <\/p>\n\n\n\n<p class=\"has-white-color has-text-color\"><\/p>\n","protected":false},"excerpt":{"rendered":"<p>Empresa de Servicios El\u00e9ctricos en Murcia Fonsoto es una empresa de confianza, altamente cualificada y con muchos a\u00f1os de experiencia en el sector. Nuestro equipo est\u00e1 formado por electricistas autorizados, expertos en todo tipo de instalaciones, mantenimientos y reformas el\u00e9ctricas en toda la Comunidad de Murcia. Buscamos satisfacer las necesidades de nuestros clientes y ofrecemos &hellip; <\/p>\n<p><a class=\"more-link btn\" href=\"http:\/\/www.electricidadfonsoto.com\/\">Seguir leyendo<\/a><\/p>\n","protected":false},"author":1,"featured_media":0,"parent":0,"menu_order":0,"comment_status":"closed","ping_status":"closed","template":"template-onecolumn.php","meta":[],"_links":{"self":[{"href":"http:\/\/www.electricidadfonsoto.com\/index.php?rest_route=\/wp\/v2\/pages\/140"}],"collection":[{"href":"http:\/\/www.electricidadfonsoto.com\/index.php?rest_route=\/wp\/v2\/pages"}],"about":[{"href":"http:\/\/www.electricidadfonsoto.com\/index.php?rest_route=\/wp\/v2\/types\/page"}],"author":[{"embeddable":true,"href":"http:\/\/www.electricidadfonsoto.com\/index.php?rest_route=\/wp\/v2\/users\/1"}],"replies":[{"embeddable":true,"href":"http:\/\/www.electricidadfonsoto.com\/index.php?rest_route=%2Fwp%2Fv2%2Fcomments&post=140"}],"version-history":[{"count":59,"href":"http:\/\/www.electricidadfonsoto.com\/index.php?rest_route=\/wp\/v2\/pages\/140\/revisions"}],"predecessor-version":[{"id":560,"href":"http:\/\/www.electricidadfonsoto.com\/index.php?rest_route=\/wp\/v2\/pages\/140\/revisions\/560"}],"wp:attachment":[{"href":"http:\/\/www.electricidadfonsoto.com\/index.php?rest_route=%2Fwp%2Fv2%2Fmedia&parent=140"}],"curies":[{"name":"wp","href":"https:\/\/api.w.org\/{rel}","templated":true}]}}